{"id":224,"date":"2026-01-11T13:04:56","date_gmt":"2026-01-11T13:04:56","guid":{"rendered":"https:\/\/pmcranio.de\/?page_id=224"},"modified":"2026-01-11T16:55:23","modified_gmt":"2026-01-11T16:55:23","slug":"elementor-seite-224","status":"publish","type":"page","link":"https:\/\/pmcranio.de\/?page_id=224","title":{"rendered":"Impressum"},"content":{"rendered":"\t\t<div data-elementor-type=\"wp-page\" data-elementor-id=\"224\" class=\"elementor elementor-224\">\n\t\t\t\t<div class=\"elementor-element elementor-element-72471ef e-flex e-con-boxed e-con e-parent\" data-id=\"72471ef\" data-element_type=\"container\" data-e-type=\"container\">\n\t\t\t\t\t<div class=\"e-con-inner\">\n\t\t\t\t<div class=\"elementor-element elementor-element-bf40eab elementor-widget elementor-widget-text-editor\" data-id=\"bf40eab\" data-element_type=\"widget\" data-e-type=\"widget\" data-widget_type=\"text-editor.default\">\n\t\t\t\t\t\t\t\t\t<p>Impressum<\/p>\t\t\t\t\t\t\t\t<\/div>\n\t\t\t\t\t<\/div>\n\t\t\t\t<\/div>\n\t\t<div class=\"elementor-element elementor-element-d54d4bc e-flex e-con-boxed e-con e-parent\" data-id=\"d54d4bc\" data-element_type=\"container\" data-e-type=\"container\">\n\t\t\t\t\t<div class=\"e-con-inner\">\n\t\t\t\t<div class=\"elementor-element elementor-element-d38490d elementor-widget elementor-widget-text-editor\" data-id=\"d38490d\" data-element_type=\"widget\" data-e-type=\"widget\" data-widget_type=\"text-editor.default\">\n\t\t\t\t\t\t\t\t\t<p><b>Angaben gem\u00e4\u00df \u00a7 5 TMG<\/b><\/p><p>Praxisname<b>:<\/b> <b>Cranio<\/b> <b>\u2013 Entspannung<\/b> <b>&amp;<\/b> <b>Energi<\/b><b>e<\/b><br \/>Inhaberin: <b>Petra Mitaritonna<\/b><\/p><p>Kontakt:<b> <\/b><\/p><p><b>Sch\u00fctte-Lanz-Str.<\/b> <b>2<\/b><br \/><b>68782<\/b> <b>Br\u00fchl<\/b><\/p><p><strong>Deutschland<\/strong><\/p><p>Telefon: <b>+49<\/b> <b>1520<\/b> <b>160<\/b> <b>9785<\/b><\/p><p>E-Mail: <b>petramitaritonna@yahoo.de<\/b><\/p><p><b>T\u00e4tigkeitsbezeichnung:<\/b><br \/>Cranio-Sacral-Praktiker\/in f\u00fcr cranio-sacrale K\u00f6rperarbeit<\/p><p>Die angebotene Cranio-Sacral-Arbeit ist eine<b>\u00a0pr\u00e4ventive und begleitende Methode<\/b> zur F\u00f6rderung von Entspannung und K\u00f6rperwahrnehmung.<\/p><p>Es handelt sich <b>nicht<\/b> um eine heilkundliche T\u00e4tigkeit im Sinne des Heilpraktikergesetzes (HeilprG).<\/p><p>Es werden <b>keine Diagnosen gestellt<\/b>, <b>keine Krankheiten behandelt<\/b> und <b>keine Heilversprechen abgegeben<\/b>.<\/p><p><b>Umsatzsteuer<\/b><\/p><p><b>Kleinunternehmerregelung <\/b><b>gem\u00e4\u00df \u00a7 19 UStG<\/b><br \/>(keine Ausweisung der Umsatzsteuer)<\/p><p><b>Verantwortlich f\u00fcr den Inhalt nach \u00a7 55 Abs. 2 RStV<\/b><\/p><p><b>Petra<\/b> <b>Mitaritonna<\/b><br \/><b>Anschrift <\/b><b>\u2013 wie <\/b><b>oben]<\/b><\/p><p><b>Haftungsausschluss (Disclaimer)<\/b><\/p><p><b>Haftung f\u00fcr Inhalte<\/b><br \/>Die Inhalte unserer Seiten wurden mit gr\u00f6\u00dfter Sorgfalt erstellt. F\u00fcr die Richtigkeit, Vollst\u00e4ndigkeit und Aktualit\u00e4t der Inhalte k\u00f6nnen wir jedoch keine Gew\u00e4hr \u00fcbernehmen.<\/p><p><b>Haftung f\u00fcr Links<\/b><br \/>Diese Website kann Links zu externen Websites Dritter enthalten. Auf deren Inhalte haben wir keinen Einfluss und \u00fcbernehmen hierf\u00fcr keine Haftung.<\/p><p><b>Urheberrecht<\/b><\/p><p>Die durch die Seitenbetreiber erstellten Inhalte und Werke auf dieser Website unterliegen dem deutschen Urheberrecht. Jede Art der Verwertung au\u00dferhalb der Grenzen des Urheberrechts bedarf der vorherigen schriftlichen Zustimmung.<\/p><p><b>Wichtiger Hinweis<\/b><\/p><p>Die angebotenen Leistungen ersetzen <b>keine \u00e4rztliche, psychotherapeutische oder heilpraktische Behandlung<\/b>.<br \/>Bei gesundheitlichen Beschwerden wenden Sie sich bitte an eine \u00c4rztin, einen Arzt oder eine Heilpraktikerin bzw. einen Heilpraktiker.<\/p>\t\t\t\t\t\t\t\t<\/div>\n\t\t\t\t\t<\/div>\n\t\t\t\t<\/div>\n\t\t\t\t<\/div>\n\t\t","protected":false},"excerpt":{"rendered":"<p>Impressum Angaben gem\u00e4\u00df \u00a7 5 TMG Praxisname: Cranio \u2013 Entspannung &amp; EnergieInhaberin: Petra Mitaritonna Kontakt: Sch\u00fctte-Lanz-Str. 268782 Br\u00fchl Deutschland Telefon: +49 1520 160 9785 E-Mail: petramitaritonna@yahoo.de T\u00e4tigkeitsbezeichnung:Cranio-Sacral-Praktiker\/in f\u00fcr cranio-sacrale K\u00f6rperarbeit Die angebotene Cranio-Sacral-Arbeit ist eine\u00a0pr\u00e4ventive und begleitende Methode zur F\u00f6rderung von Entspannung und K\u00f6rperwahrnehmung. Es handelt sich nicht um eine heilkundliche T\u00e4tigkeit im Sinne des [&hellip;]<\/p>\n","protected":false},"author":1,"featured_media":0,"parent":14,"menu_order":1,"comment_status":"closed","ping_status":"closed","template":"","meta":{"footnotes":""},"class_list":["post-224","page","type-page","status-publish","hentry"],"_links":{"self":[{"href":"https:\/\/pmcranio.de\/index.php?rest_route=\/wp\/v2\/pages\/224","targetHints":{"allow":["GET"]}}],"collection":[{"href":"https:\/\/pmcranio.de\/index.php?rest_route=\/wp\/v2\/pages"}],"about":[{"href":"https:\/\/pmcranio.de\/index.php?rest_route=\/wp\/v2\/types\/page"}],"author":[{"embeddable":true,"href":"https:\/\/pmcranio.de\/index.php?rest_route=\/wp\/v2\/users\/1"}],"replies":[{"embeddable":true,"href":"https:\/\/pmcranio.de\/index.php?rest_route=%2Fwp%2Fv2%2Fcomments&post=224"}],"version-history":[{"count":24,"href":"https:\/\/pmcranio.de\/index.php?rest_route=\/wp\/v2\/pages\/224\/revisions"}],"predecessor-version":[{"id":742,"href":"https:\/\/pmcranio.de\/index.php?rest_route=\/wp\/v2\/pages\/224\/revisions\/742"}],"up":[{"embeddable":true,"href":"https:\/\/pmcranio.de\/index.php?rest_route=\/wp\/v2\/pages\/14"}],"wp:attachment":[{"href":"https:\/\/pmcranio.de\/index.php?rest_route=%2Fwp%2Fv2%2Fmedia&parent=224"}],"curies":[{"name":"wp","href":"https:\/\/api.w.org\/{rel}","templated":true}]}}