{"id":14,"date":"2026-01-10T12:45:38","date_gmt":"2026-01-10T12:45:38","guid":{"rendered":"https:\/\/pmcranio.de\/?page_id=14"},"modified":"2026-04-01T15:16:33","modified_gmt":"2026-04-01T15:16:33","slug":"cranio-entspannung-energie","status":"publish","type":"page","link":"https:\/\/pmcranio.de\/","title":{"rendered":"Cranio &#8211; Entspannung &amp; Energie"},"content":{"rendered":"\t\t<div data-elementor-type=\"wp-page\" data-elementor-id=\"14\" class=\"elementor elementor-14\">\n\t\t\t\t<div class=\"elementor-element elementor-element-cc216d6 e-flex e-con-boxed e-con e-parent\" data-id=\"cc216d6\" data-element_type=\"container\" data-e-type=\"container\">\n\t\t\t\t\t<div class=\"e-con-inner\">\n\t\t\t\t<div class=\"elementor-element elementor-element-62268e1 elementor-widget elementor-widget-heading\" data-id=\"62268e1\" data-element_type=\"widget\" data-e-type=\"widget\" data-widget_type=\"heading.default\">\n\t\t\t\t\t<h2 class=\"elementor-heading-title elementor-size-default\">Cranio - Entspannung und Energie<\/h2>\t\t\t\t<\/div>\n\t\t\t\t\t<\/div>\n\t\t\t\t<\/div>\n\t\t<div class=\"elementor-element elementor-element-4edae0a e-flex e-con-boxed e-con e-parent\" data-id=\"4edae0a\" data-element_type=\"container\" data-e-type=\"container\" data-settings=\"{&quot;background_background&quot;:&quot;classic&quot;}\">\n\t\t\t\t\t<div class=\"e-con-inner\">\n\t\t<div class=\"elementor-element elementor-element-cf0e61c e-con-full e-flex e-con e-child\" data-id=\"cf0e61c\" data-element_type=\"container\" data-e-type=\"container\" data-settings=\"{&quot;background_background&quot;:&quot;classic&quot;,&quot;shape_divider_top&quot;:&quot;split&quot;}\">\n\t\t\t\t<div class=\"elementor-shape elementor-shape-top\" aria-hidden=\"true\" data-negative=\"false\">\n\t\t\t<svg xmlns=\"http:\/\/www.w3.org\/2000\/svg\" viewBox=\"0 0 1000 20\" preserveAspectRatio=\"none\">\n\t<path class=\"elementor-shape-fill\" d=\"M0,0v3c0,0,393.8,0,483.4,0c9.2,0,16.6,7.4,16.6,16.6c0-9.1,7.4-16.6,16.6-16.6C606.2,3,1000,3,1000,3V0H0z\"><\/path>\n<\/svg>\t\t<\/div>\n\t\t\t\t<div class=\"elementor-element elementor-element-2b19497 elementor-widget elementor-widget-text-editor\" data-id=\"2b19497\" data-element_type=\"widget\" data-e-type=\"widget\" data-widget_type=\"text-editor.default\">\n\t\t\t\t\t\t\t\t\t<p>Mein Name ist Petra Mitaritonna und ich freue mich sehr, dass du deinem K\u00f6rper und deiner Seele mit einer craniosacral Behandlung etwas Gutes tun m\u00f6chtest.<\/p><p>Achtsames und verantwortungsvolles Arbeiten ist mir wichtig. Ich bin fundiert ausgebildet in craniosacraler K\u00f6rperarbeit und begleite dich In meiner Praxis dabei, zur Ruhe zu kommen und dein inneres Gleichgewicht wiederzufinden. Mit sanften Ber\u00fchrungen unterst\u00fctze ich die nat\u00fcrlichen Selbstheilungskr\u00e4fte deines K\u00f6rpers und schaffe einen gesch\u00fctzten Raum f\u00fcr Entspannung und Regeneration. Ich gehe dabei individuell auf deine Bed\u00fcrfnisse ein und begleite dich auf deinem Weg zu mehr Wohlbefinden.<\/p><p>Craniosacrale K\u00f6rperarbeit kann bei einer Vielzahl von Beschwerden unterst\u00fctzend wirken, z. B. bei<\/p><ul><li>Stress und Ersch\u00f6pfung<\/li><li>Kopf- und R\u00fcckenschmerzen<\/li><li>Schlafproblemen<\/li><li>innerer Unruhe<\/li><li>Ohrger\u00e4uschen<\/li><li>Kiefergelenksproblemen (z. B. CMD)<\/li><li>Chronischen Schmerzen (z. B. Fibromyalgie)<\/li><\/ul>\t\t\t\t\t\t\t\t<\/div>\n\t\t\t\t<\/div>\n\t\t<div class=\"elementor-element elementor-element-d0b4fbb e-con-full e-flex e-con e-child\" data-id=\"d0b4fbb\" data-element_type=\"container\" data-e-type=\"container\" data-settings=\"{&quot;background_background&quot;:&quot;classic&quot;,&quot;shape_divider_top&quot;:&quot;split&quot;}\">\n\t\t\t\t<div class=\"elementor-shape elementor-shape-top\" aria-hidden=\"true\" data-negative=\"false\">\n\t\t\t<svg xmlns=\"http:\/\/www.w3.org\/2000\/svg\" viewBox=\"0 0 1000 20\" preserveAspectRatio=\"none\">\n\t<path class=\"elementor-shape-fill\" d=\"M0,0v3c0,0,393.8,0,483.4,0c9.2,0,16.6,7.4,16.6,16.6c0-9.1,7.4-16.6,16.6-16.6C606.2,3,1000,3,1000,3V0H0z\"><\/path>\n<\/svg>\t\t<\/div>\n\t\t\t\t<div class=\"elementor-element elementor-element-b7c48ab elementor-widget elementor-widget-image\" data-id=\"b7c48ab\" data-element_type=\"widget\" data-e-type=\"widget\" data-widget_type=\"image.default\">\n\t\t\t\t\t\t\t\t\t\t\t\t<figure class=\"wp-caption\">\n\t\t\t\t\t\t\t\t\t\t<img fetchpriority=\"high\" decoding=\"async\" width=\"800\" height=\"370\" src=\"https:\/\/pmcranio.de\/wp-content\/uploads\/2026\/01\/Raum-von-Tuer-1024x473.jpg\" class=\"attachment-large size-large wp-image-128\" alt=\"\" srcset=\"https:\/\/pmcranio.de\/wp-content\/uploads\/2026\/01\/Raum-von-Tuer-1024x473.jpg 1024w, https:\/\/pmcranio.de\/wp-content\/uploads\/2026\/01\/Raum-von-Tuer-300x139.jpg 300w, https:\/\/pmcranio.de\/wp-content\/uploads\/2026\/01\/Raum-von-Tuer-768x355.jpg 768w, https:\/\/pmcranio.de\/wp-content\/uploads\/2026\/01\/Raum-von-Tuer-1536x710.jpg 1536w, https:\/\/pmcranio.de\/wp-content\/uploads\/2026\/01\/Raum-von-Tuer.jpg 2000w\" sizes=\"(max-width: 800px) 100vw, 800px\" \/>\t\t\t\t\t\t\t\t\t\t\t<figcaption class=\"widget-image-caption wp-caption-text\"><\/figcaption>\n\t\t\t\t\t\t\t\t\t\t<\/figure>\n\t\t\t\t\t\t\t\t\t<\/div>\n\t\t\t\t<\/div>\n\t\t\t\t\t<\/div>\n\t\t\t\t<\/div>\n\t\t<div class=\"elementor-element elementor-element-cdf4c17 e-flex e-con-boxed e-con e-parent\" data-id=\"cdf4c17\" data-element_type=\"container\" data-e-type=\"container\">\n\t\t\t\t\t<div class=\"e-con-inner\">\n\t\t<div class=\"elementor-element elementor-element-5e264df e-con-full e-flex e-con e-child\" data-id=\"5e264df\" data-element_type=\"container\" data-e-type=\"container\" data-settings=\"{&quot;background_background&quot;:&quot;slideshow&quot;,&quot;background_slideshow_gallery&quot;:[{&quot;id&quot;:85,&quot;url&quot;:&quot;https:\\\/\\\/pmcranio.de\\\/wp-content\\\/uploads\\\/2026\\\/01\\\/Hintergrund-Dunkelgruen.jpg&quot;}],&quot;background_slideshow_loop&quot;:&quot;yes&quot;,&quot;background_slideshow_slide_duration&quot;:5000,&quot;background_slideshow_slide_transition&quot;:&quot;fade&quot;,&quot;background_slideshow_transition_duration&quot;:500}\">\n\t\t\t\t<div class=\"elementor-element elementor-element-0d909ea elementor-widget__width-initial elementor-widget elementor-widget-text-editor\" data-id=\"0d909ea\" data-element_type=\"widget\" data-e-type=\"widget\" data-widget_type=\"text-editor.default\">\n\t\t\t\t\t\t\t\t\t<hr \/><p><span style=\"color: #000000;\">Falls du keinen passenden Termin findest, dann schreibe mir bitte oder ruf mich an:\u00a0 \u00a0 \u00a0 \u00a0 \u00a0 \u00a0 \u00a0 \u00a0 \u00a0 \u00a0 \u00a0 \u00a0 \u00a0 \u00a0 \u00a0 \u00a0<\/span><\/p><p><span style=\"color: #000000;\">Mail: <a style=\"color: #000000;\" href=\"mailto:petramitaritonna@yahoo.de\"><strong>petramitaritonna@yahoo.de\u00a0<\/strong><\/a><\/span><\/p><p><span style=\"color: #000000;\">Phone: <strong>0152 0160 9758<\/strong><\/span><\/p>\t\t\t\t\t\t\t\t<\/div>\n\t\t\t\t<\/div>\n\t\t<div class=\"elementor-element elementor-element-d0a80da e-con-full e-flex e-con e-child\" data-id=\"d0a80da\" data-element_type=\"container\" data-e-type=\"container\" id=\"Termine\" data-settings=\"{&quot;background_background&quot;:&quot;slideshow&quot;,&quot;background_slideshow_gallery&quot;:[],&quot;background_slideshow_loop&quot;:&quot;yes&quot;,&quot;background_slideshow_slide_duration&quot;:5000,&quot;background_slideshow_slide_transition&quot;:&quot;fade&quot;,&quot;background_slideshow_transition_duration&quot;:500}\">\n\t\t\t\t<div class=\"elementor-element elementor-element-501adf0 elementor-widget elementor-widget-button\" data-id=\"501adf0\" data-element_type=\"widget\" data-e-type=\"widget\" data-widget_type=\"button.default\">\n\t\t\t\t\t\t\t\t\t\t<a class=\"elementor-button elementor-button-link elementor-size-sm\" href=\"https:\/\/zeeg.me\/cranioentspannungundenergie\/Cranio?month=2026-1&#038;back=1\" id=\"Terminbuchung\">\n\t\t\t\t\t\t<span class=\"elementor-button-content-wrapper\">\n\t\t\t\t\t\t<span class=\"elementor-button-icon\">\n\t\t\t\t<svg aria-hidden=\"true\" class=\"e-font-icon-svg e-far-calendar-alt\" viewBox=\"0 0 448 512\" xmlns=\"http:\/\/www.w3.org\/2000\/svg\"><path d=\"M148 288h-40c-6.6 0-12-5.4-12-12v-40c0-6.6 5.4-12 12-12h40c6.6 0 12 5.4 12 12v40c0 6.6-5.4 12-12 12zm108-12v-40c0-6.6-5.4-12-12-12h-40c-6.6 0-12 5.4-12 12v40c0 6.6 5.4 12 12 12h40c6.6 0 12-5.4 12-12zm96 0v-40c0-6.6-5.4-12-12-12h-40c-6.6 0-12 5.4-12 12v40c0 6.6 5.4 12 12 12h40c6.6 0 12-5.4 12-12zm-96 96v-40c0-6.6-5.4-12-12-12h-40c-6.6 0-12 5.4-12 12v40c0 6.6 5.4 12 12 12h40c6.6 0 12-5.4 12-12zm-96 0v-40c0-6.6-5.4-12-12-12h-40c-6.6 0-12 5.4-12 12v40c0 6.6 5.4 12 12 12h40c6.6 0 12-5.4 12-12zm192 0v-40c0-6.6-5.4-12-12-12h-40c-6.6 0-12 5.4-12 12v40c0 6.6 5.4 12 12 12h40c6.6 0 12-5.4 12-12zm96-260v352c0 26.5-21.5 48-48 48H48c-26.5 0-48-21.5-48-48V112c0-26.5 21.5-48 48-48h48V12c0-6.6 5.4-12 12-12h40c6.6 0 12 5.4 12 12v52h128V12c0-6.6 5.4-12 12-12h40c6.6 0 12 5.4 12 12v52h48c26.5 0 48 21.5 48 48zm-48 346V160H48v298c0 3.3 2.7 6 6 6h340c3.3 0 6-2.7 6-6z\"><\/path><\/svg>\t\t\t<\/span>\n\t\t\t\t\t\t\t\t\t<span class=\"elementor-button-text\">Termin buchen<\/span>\n\t\t\t\t\t<\/span>\n\t\t\t\t\t<\/a>\n\t\t\t\t\t\t\t\t<\/div>\n\t\t\t\t<\/div>\n\t\t\t\t\t<\/div>\n\t\t\t\t<\/div>\n\t\t<div class=\"elementor-element elementor-element-8b27df6 e-flex e-con-boxed e-con e-parent\" data-id=\"8b27df6\" data-element_type=\"container\" data-e-type=\"container\">\n\t\t\t\t\t<div class=\"e-con-inner\">\n\t\t<a class=\"elementor-element elementor-element-c16c68b e-con-full e-flex e-con e-child\" data-id=\"c16c68b\" data-element_type=\"container\" data-e-type=\"container\" id=\"Anschrift\" data-settings=\"{&quot;background_background&quot;:&quot;slideshow&quot;,&quot;background_slideshow_gallery&quot;:[{&quot;id&quot;:84,&quot;url&quot;:&quot;https:\\\/\\\/pmcranio.de\\\/wp-content\\\/uploads\\\/2026\\\/01\\\/Hintergrund-Gruen.jpg&quot;}],&quot;shape_divider_top&quot;:&quot;split&quot;,&quot;background_slideshow_loop&quot;:&quot;yes&quot;,&quot;background_slideshow_slide_duration&quot;:5000,&quot;background_slideshow_slide_transition&quot;:&quot;fade&quot;,&quot;background_slideshow_transition_duration&quot;:500}\">\n\t\t\t\t<div class=\"elementor-shape elementor-shape-top\" aria-hidden=\"true\" data-negative=\"false\">\n\t\t\t<svg xmlns=\"http:\/\/www.w3.org\/2000\/svg\" viewBox=\"0 0 1000 20\" preserveAspectRatio=\"none\">\n\t<path class=\"elementor-shape-fill\" d=\"M0,0v3c0,0,393.8,0,483.4,0c9.2,0,16.6,7.4,16.6,16.6c0-9.1,7.4-16.6,16.6-16.6C606.2,3,1000,3,1000,3V0H0z\"><\/path>\n<\/svg>\t\t<\/div>\n\t\t\t\t<div class=\"elementor-element elementor-element-d430c82 elementor-widget elementor-widget-text-editor\" data-id=\"d430c82\" data-element_type=\"widget\" data-e-type=\"widget\" data-widget_type=\"text-editor.default\">\n\t\t\t\t\t\t\t\t\t<hr \/><h5><span style=\"color: #000000;\"><b>Anschrift<\/b><\/span><\/h5><p><span style=\"color: #000000;\">Cranio &#8211; Entspannung &amp; Energie<\/span><\/p><p><span style=\"color: #000000;\">Sch\u00fctte-Lanz-Str. 2<\/span><\/p><p><span style=\"color: #000000;\">68782 Br\u00fchl<\/span><\/p><p><span style=\"color: #000000;\"><b>Die Praxis befindet sich im Dachgeschoss, so dass einige Stufen bew\u00e4ltigt werden m\u00fcssen. <\/b><\/span><span style=\"color: #000000;\">Falls dies f\u00fcr dich eine Schwierigkeit darstellt, finden wir eine L\u00f6sung.<\/span><\/p><h5>\u00a0<\/h5><h5><span style=\"color: #000000;\"><strong>Anfahrt<\/strong><\/span><\/h5><ul><li><span style=\"color: #000000;\"><strong>PkW<\/strong>: Die Parkplatzsuche ist eher schwierig, notfalls kannst du direkt vor unserer Einfahrt parken.<\/span><\/li><li><span style=\"color: #000000;\"><strong>Bus<\/strong>: Mit der Buslinie 710 (Richtung Mannheim bzw. Richtung Schwetzingen oder Ketsch) bis Haltestelle Mannheimer Stra\u00dfe. Von hier ist es 1 min Fu\u00dfweg.<\/span><\/li><\/ul>\t\t\t\t\t\t\t\t<\/div>\n\t\t\t\t<\/a>\n\t\t<a class=\"elementor-element elementor-element-053a1c3 e-con-full e-flex e-con e-child\" data-id=\"053a1c3\" data-element_type=\"container\" data-e-type=\"container\" id=\"Ablauf\" data-settings=\"{&quot;background_background&quot;:&quot;slideshow&quot;,&quot;background_slideshow_gallery&quot;:[{&quot;id&quot;:85,&quot;url&quot;:&quot;https:\\\/\\\/pmcranio.de\\\/wp-content\\\/uploads\\\/2026\\\/01\\\/Hintergrund-Dunkelgruen.jpg&quot;}],&quot;shape_divider_top&quot;:&quot;split&quot;,&quot;background_slideshow_loop&quot;:&quot;yes&quot;,&quot;background_slideshow_slide_duration&quot;:5000,&quot;background_slideshow_slide_transition&quot;:&quot;fade&quot;,&quot;background_slideshow_transition_duration&quot;:500}\">\n\t\t\t\t<div class=\"elementor-shape elementor-shape-top\" aria-hidden=\"true\" data-negative=\"false\">\n\t\t\t<svg xmlns=\"http:\/\/www.w3.org\/2000\/svg\" viewBox=\"0 0 1000 20\" preserveAspectRatio=\"none\">\n\t<path class=\"elementor-shape-fill\" d=\"M0,0v3c0,0,393.8,0,483.4,0c9.2,0,16.6,7.4,16.6,16.6c0-9.1,7.4-16.6,16.6-16.6C606.2,3,1000,3,1000,3V0H0z\"><\/path>\n<\/svg>\t\t<\/div>\n\t\t\t\t<div class=\"elementor-element elementor-element-d28a14e elementor-widget elementor-widget-text-editor\" data-id=\"d28a14e\" data-element_type=\"widget\" data-e-type=\"widget\" data-widget_type=\"text-editor.default\">\n\t\t\t\t\t\t\t\t\t<hr \/><h5><span style=\"color: #000000;\"><b>Behandlungsablauf, Dauer &amp; Kosten<\/b><\/span><\/h5><p><span style=\"color: #000000;\">Wir beginnen mit einem Gespr\u00e4ch, damit ich dich und dein Anliegen besser kennenlernen kann. Danach findet die Behandlung in ruhiger Atmosph\u00e4re statt. Du liegst dabei entspannt und bleibst vollst\u00e4ndig bekleidet. Die Ber\u00fchrung ist sanft und schmerzfrei. Bitte komme in bequemer Kleidung.<\/span><\/p><p><span style=\"color: #000000;\"><strong>Eine Behandlung dauert 90 min und kostet 80\u20ac. <\/strong><\/span><\/p><p><span style=\"color: #000000;\">Die Kosten werden privat getragen. Einige wenige private Krankenkassen erstatten die Kosten zumindest teilweise. Bitte kl\u00e4re das vorab mit deiner Kasse.<\/span><\/p><p><span style=\"color: #000000;\"><b>Schweigepflicht<\/b><\/span><\/p><p><span style=\"color: #000000;\">Alle pers\u00f6nlichen Informationen werden vertraulich behandelt. Selbstverst\u00e4ndlich unterliege ich der Schweigepflicht.<\/span><\/p><p><span style=\"color: #000000;\"><strong>Wichtig<\/strong>: Meine Arbeit erg\u00e4nzt die Schulmedizin, ersetzt jedoch keine \u00e4rztliche oder therapeutische Behandlung. Ein Heilungsversprechen kann ich daher nicht geben.<\/span><\/p>\t\t\t\t\t\t\t\t<\/div>\n\t\t\t\t<\/a>\n\t\t\t\t\t<\/div>\n\t\t\t\t<\/div>\n\t\t<div class=\"elementor-element elementor-element-3fe799a e-flex e-con-boxed e-con e-parent\" data-id=\"3fe799a\" data-element_type=\"container\" data-e-type=\"container\">\n\t\t\t\t\t<div class=\"e-con-inner\">\n\t\t<a class=\"elementor-element elementor-element-4e68063 e-con-full e-flex e-con e-child\" data-id=\"4e68063\" data-element_type=\"container\" data-e-type=\"container\" id=\"Erkl\u00e4rung\" data-settings=\"{&quot;background_background&quot;:&quot;slideshow&quot;,&quot;background_slideshow_gallery&quot;:[{&quot;id&quot;:85,&quot;url&quot;:&quot;https:\\\/\\\/pmcranio.de\\\/wp-content\\\/uploads\\\/2026\\\/01\\\/Hintergrund-Dunkelgruen.jpg&quot;}],&quot;shape_divider_top&quot;:&quot;split&quot;,&quot;background_slideshow_loop&quot;:&quot;yes&quot;,&quot;background_slideshow_slide_duration&quot;:5000,&quot;background_slideshow_slide_transition&quot;:&quot;fade&quot;,&quot;background_slideshow_transition_duration&quot;:500}\" href=\"https:\/\/pmcranio.de\/Anfahrt\">\n\t\t\t\t<div class=\"elementor-shape elementor-shape-top\" aria-hidden=\"true\" data-negative=\"false\">\n\t\t\t<svg xmlns=\"http:\/\/www.w3.org\/2000\/svg\" viewBox=\"0 0 1000 20\" preserveAspectRatio=\"none\">\n\t<path class=\"elementor-shape-fill\" d=\"M0,0v3c0,0,393.8,0,483.4,0c9.2,0,16.6,7.4,16.6,16.6c0-9.1,7.4-16.6,16.6-16.6C606.2,3,1000,3,1000,3V0H0z\"><\/path>\n<\/svg>\t\t<\/div>\n\t\t\t\t<div class=\"elementor-element elementor-element-1b8b469 elementor-widget elementor-widget-text-editor\" data-id=\"1b8b469\" data-element_type=\"widget\" data-e-type=\"widget\" data-widget_type=\"text-editor.default\">\n\t\t\t\t\t\t\t\t\t<hr \/><h5><span style=\"color: #000000;\"><b>Was ist craniosacrale K\u00f6rperarbeit? <\/b><\/span><\/h5><p><span style=\"color: #000000;\">Craniosacrale K\u00f6rperarbeit ist eine sanfte, manuelle Behandlungsform, die sich auf die Regeneration des K\u00f6rpers durch die Ber\u00fchrung verschiedener Punkte am K\u00f6rper im Bereich des Sch\u00e4dels (Cranium) und des Kreuzbeins (Sacrum), aber auch an den F\u00fc\u00dfen oder Extremit\u00e4ten konzentriert.<\/span><\/p><p><span style=\"color: #000000;\">Der craniosacral Behandelnde &#8218;lauscht&#8216; dem sogenannten \u201eCraniosacral-Rhythmus\u201c, einer rhythmischen Bewegung der Gehirn- und R\u00fcckenmarksfl\u00fcssigkeit. Damit k\u00f6nnen Blockaden im K\u00f6rper ersp\u00fcrt und die Selbstheilungskr\u00e4fte aktiviert werden, um den K\u00f6rper wieder in sein Gleichgewicht zu bringen.\u00a0<\/span><\/p><p><span style=\"color: #000000;\">Die Therapie ist schmerzfrei und wird in der Regel als sehr entspannend empfunden.<\/span><\/p>\t\t\t\t\t\t\t\t<\/div>\n\t\t\t\t<\/a>\n\t\t<a class=\"elementor-element elementor-element-78df16e e-con-full e-flex e-con e-child\" data-id=\"78df16e\" data-element_type=\"container\" data-e-type=\"container\" id=\"F\u00fcrwen\" data-settings=\"{&quot;background_background&quot;:&quot;slideshow&quot;,&quot;background_slideshow_gallery&quot;:[{&quot;id&quot;:84,&quot;url&quot;:&quot;https:\\\/\\\/pmcranio.de\\\/wp-content\\\/uploads\\\/2026\\\/01\\\/Hintergrund-Gruen.jpg&quot;}],&quot;shape_divider_top&quot;:&quot;split&quot;,&quot;background_slideshow_loop&quot;:&quot;yes&quot;,&quot;background_slideshow_slide_duration&quot;:5000,&quot;background_slideshow_slide_transition&quot;:&quot;fade&quot;,&quot;background_slideshow_transition_duration&quot;:500}\" href=\"https:\/\/pmcranio.de\/Ablauf\">\n\t\t\t\t<div class=\"elementor-shape elementor-shape-top\" aria-hidden=\"true\" data-negative=\"false\">\n\t\t\t<svg xmlns=\"http:\/\/www.w3.org\/2000\/svg\" viewBox=\"0 0 1000 20\" preserveAspectRatio=\"none\">\n\t<path class=\"elementor-shape-fill\" d=\"M0,0v3c0,0,393.8,0,483.4,0c9.2,0,16.6,7.4,16.6,16.6c0-9.1,7.4-16.6,16.6-16.6C606.2,3,1000,3,1000,3V0H0z\"><\/path>\n<\/svg>\t\t<\/div>\n\t\t\t\t<div class=\"elementor-element elementor-element-a80d4bb elementor-widget elementor-widget-text-editor\" data-id=\"a80d4bb\" data-element_type=\"widget\" data-e-type=\"widget\" data-widget_type=\"text-editor.default\">\n\t\t\t\t\t\t\t\t\t<hr \/><h5><b>F\u00fcr wen eignet sich Cranio-Sacrale K\u00f6rperarbeit?<\/b><\/h5><p>Craniosacrale K\u00f6rperarbeit eignet sich f\u00fcr alle Altersgruppen &#8211; Erwachsene, Jugendliche und Kinder &#8211; zur Entspannung, Pr\u00e4vention oder bei konkreten Beschwerden.<\/p>\t\t\t\t\t\t\t\t<\/div>\n\t\t\t\t<\/a>\n\t\t\t\t\t<\/div>\n\t\t\t\t<\/div>\n\t\t<div class=\"elementor-element elementor-element-9cabf61 e-flex e-con-boxed e-con e-parent\" data-id=\"9cabf61\" data-element_type=\"container\" data-e-type=\"container\">\n\t\t\t\t\t<div class=\"e-con-inner\">\n\t\t<div class=\"elementor-element elementor-element-a9dfd95 e-con-full e-flex e-con e-child\" data-id=\"a9dfd95\" data-element_type=\"container\" data-e-type=\"container\" data-settings=\"{&quot;background_background&quot;:&quot;slideshow&quot;,&quot;background_slideshow_gallery&quot;:[{&quot;id&quot;:132,&quot;url&quot;:&quot;https:\\\/\\\/pmcranio.de\\\/wp-content\\\/uploads\\\/2026\\\/01\\\/Raum-von-hinten-1.jpg&quot;}],&quot;shape_divider_top&quot;:&quot;split&quot;,&quot;background_slideshow_loop&quot;:&quot;yes&quot;,&quot;background_slideshow_slide_duration&quot;:5000,&quot;background_slideshow_slide_transition&quot;:&quot;fade&quot;,&quot;background_slideshow_transition_duration&quot;:500}\">\n\t\t\t\t<div class=\"elementor-shape elementor-shape-top\" aria-hidden=\"true\" data-negative=\"false\">\n\t\t\t<svg xmlns=\"http:\/\/www.w3.org\/2000\/svg\" viewBox=\"0 0 1000 20\" preserveAspectRatio=\"none\">\n\t<path class=\"elementor-shape-fill\" d=\"M0,0v3c0,0,393.8,0,483.4,0c9.2,0,16.6,7.4,16.6,16.6c0-9.1,7.4-16.6,16.6-16.6C606.2,3,1000,3,1000,3V0H0z\"><\/path>\n<\/svg>\t\t<\/div>\n\t\t\t\t<\/div>\n\t\t<div class=\"elementor-element elementor-element-12e143c e-con-full e-flex e-con e-child\" data-id=\"12e143c\" data-element_type=\"container\" data-e-type=\"container\" id=\"\u00dcbermich\" data-settings=\"{&quot;background_background&quot;:&quot;slideshow&quot;,&quot;background_slideshow_gallery&quot;:[{&quot;id&quot;:85,&quot;url&quot;:&quot;https:\\\/\\\/pmcranio.de\\\/wp-content\\\/uploads\\\/2026\\\/01\\\/Hintergrund-Dunkelgruen.jpg&quot;}],&quot;shape_divider_top&quot;:&quot;split&quot;,&quot;background_slideshow_loop&quot;:&quot;yes&quot;,&quot;background_slideshow_slide_duration&quot;:5000,&quot;background_slideshow_slide_transition&quot;:&quot;fade&quot;,&quot;background_slideshow_transition_duration&quot;:500}\">\n\t\t\t\t<div class=\"elementor-shape elementor-shape-top\" aria-hidden=\"true\" data-negative=\"false\">\n\t\t\t<svg xmlns=\"http:\/\/www.w3.org\/2000\/svg\" viewBox=\"0 0 1000 20\" preserveAspectRatio=\"none\">\n\t<path class=\"elementor-shape-fill\" d=\"M0,0v3c0,0,393.8,0,483.4,0c9.2,0,16.6,7.4,16.6,16.6c0-9.1,7.4-16.6,16.6-16.6C606.2,3,1000,3,1000,3V0H0z\"><\/path>\n<\/svg>\t\t<\/div>\n\t\t\t\t<div class=\"elementor-element elementor-element-9ee2412 elementor-widget elementor-widget-text-editor\" data-id=\"9ee2412\" data-element_type=\"widget\" data-e-type=\"widget\" data-widget_type=\"text-editor.default\">\n\t\t\t\t\t\t\t\t\t<hr \/><h5><strong>\u00dcber mich<\/strong><\/h5><p>Nach \u00fcber 30 Jahren Berufst\u00e4tigkeit in der Industrie habe ich vor einigen Jahren die craniosacrale K\u00f6rperarbeit f\u00fcr mich entdeckt. Da ich in einer Phase der \u00dcberforderung und Ersch\u00f6pfung erfahren durfte, wie entspannend, ausgleichend und st\u00e4rkend craniosacrale Behandlung wirken kann, habe ich mich \u00fcber einen Zeitraum von zwei Jahren in craniosacraler K\u00f6rperarbeit ausbilden lassen.\u00a0\u00a0<\/p><ul><li>Seit Oktober 2025:\u00a0 \u00a0Heilpraktikerin in Ausbildung<\/li><li>2023-2025:\u00a0 \u00a0 \u00a0 \u00a0 \u00a0 \u00a0 \u00a0 \u00a0 Ausbildung in Craniosacral Therapie bei Birgit Hilbert<\/li><li>August 2025:\u00a0 \u00a0 \u00a0 \u00a0 \u00a0 \u00a0 Weiterbildung Craniale Nerven bei Santosh Weber<\/li><li>1996 \u2013 2025:\u00a0 \u00a0 \u00a0 \u00a0 \u00a0 \u00a0 Unterschiedliche T\u00e4tigkeiten in der Industrie im Bereich Vertrieb, Personal- &amp; Organisationsentwicklung<\/li><\/ul>\t\t\t\t\t\t\t\t<\/div>\n\t\t\t\t<\/div>\n\t\t\t\t\t<\/div>\n\t\t\t\t<\/div>\n\t\t<div class=\"elementor-element elementor-element-06eb228 e-flex e-con-boxed e-con e-parent\" data-id=\"06eb228\" data-element_type=\"container\" data-e-type=\"container\">\n\t\t\t\t\t<div class=\"e-con-inner\">\n\t\t<div class=\"elementor-element elementor-element-96abf31 e-con-full e-flex e-con e-child\" data-id=\"96abf31\" data-element_type=\"container\" data-e-type=\"container\">\n\t\t\t\t<div class=\"elementor-element elementor-element-ebb833f elementor-widget elementor-widget-text-editor\" data-id=\"ebb833f\" data-element_type=\"widget\" data-e-type=\"widget\" data-widget_type=\"text-editor.default\">\n\t\t\t\t\t\t\t\t\t<p><a href=\"https:\/\/pmcranio.de\/cranio-entspannung-energie\/elementor-seite-224\/\" target=\"_blank\" rel=\"noopener\"><span style=\"color: #000000;\">Impressum<\/span><\/a><\/p>\t\t\t\t\t\t\t\t<\/div>\n\t\t\t\t<\/div>\n\t\t<div class=\"elementor-element elementor-element-c42d68e e-con-full e-flex e-con e-child\" data-id=\"c42d68e\" data-element_type=\"container\" data-e-type=\"container\">\n\t\t\t\t<div class=\"elementor-element elementor-element-4f5c49f elementor-widget elementor-widget-text-editor\" data-id=\"4f5c49f\" data-element_type=\"widget\" data-e-type=\"widget\" data-widget_type=\"text-editor.default\">\n\t\t\t\t\t\t\t\t\t<p><a href=\"https:\/\/pmcranio.de\/cranio-entspannung-energie\/privacy-policy\/\" target=\"_blank\" rel=\"noopener\"><span style=\"color: #000000;\">Datenschutzerkl\u00e4rung<\/span>\u00a0<\/a><\/p>\t\t\t\t\t\t\t\t<\/div>\n\t\t\t\t<\/div>\n\t\t\t\t<div class=\"elementor-element elementor-element-a4ca44b elementor-widget__width-initial elementor-widget elementor-widget-read-more\" data-id=\"a4ca44b\" data-element_type=\"widget\" data-e-type=\"widget\" data-widget_type=\"read-more.default\">\n\t\t\t\t\t<\/div><\/div><\/div><\/div> <a href=\"https:\/\/pmcranio.de\/#more-14\" class=\"more-link elementor-more-link\"><span aria-label=\"Cranio &#8211; Entspannung &amp; Energie weiterlesen\">Weiterlesen<\/span><\/a>","protected":false},"excerpt":{"rendered":"<p><strong>Anschrift<\/strong><br \/>Cranio &#8211; Entspannung &amp; Energie<br \/>Sch\u00fctte-Lanz-Str. 2<br \/>68782 Br\u00fchl<\/p>\n<p><strong>Die Praxis befindet sich im Dachgeschoss, so dass einige Stufen bew\u00e4ltigt werden m\u00fcssen. <\/strong>Falls dies f\u00fcr dich eine Schwierigkeit darstellt, finden wir eine L\u00f6sung.<\/p>\n<p><strong>Anfahrt<\/strong><br \/><strong>Bus<\/strong>: Mit der Buslinie 710 (Richtung Mannheim bzw. Richtung Schwetzingen oder Ketsch) bis Haltestelle Mannheimer Stra\u00dfe. Von hier ist es 1 min Fu\u00dfweg.<br \/><strong>PkW<\/strong>: Die Parkplatzsuche ist eher schwierig, notfalls kannst du direkt vor unserer Einfahrt parken.<\/p>\n","protected":false},"author":1,"featured_media":65,"parent":0,"menu_order":1,"comment_status":"closed","ping_status":"closed","template":"","meta":{"footnotes":""},"class_list":["post-14","page","type-page","status-publish","has-post-thumbnail","hentry"],"_links":{"self":[{"href":"https:\/\/pmcranio.de\/index.php?rest_route=\/wp\/v2\/pages\/14","targetHints":{"allow":["GET"]}}],"collection":[{"href":"https:\/\/pmcranio.de\/index.php?rest_route=\/wp\/v2\/pages"}],"about":[{"href":"https:\/\/pmcranio.de\/index.php?rest_route=\/wp\/v2\/types\/page"}],"author":[{"embeddable":true,"href":"https:\/\/pmcranio.de\/index.php?rest_route=\/wp\/v2\/users\/1"}],"replies":[{"embeddable":true,"href":"https:\/\/pmcranio.de\/index.php?rest_route=%2Fwp%2Fv2%2Fcomments&post=14"}],"version-history":[{"count":539,"href":"https:\/\/pmcranio.de\/index.php?rest_route=\/wp\/v2\/pages\/14\/revisions"}],"predecessor-version":[{"id":761,"href":"https:\/\/pmcranio.de\/index.php?rest_route=\/wp\/v2\/pages\/14\/revisions\/761"}],"wp:featuredmedia":[{"embeddable":true,"href":"https:\/\/pmcranio.de\/index.php?rest_route=\/wp\/v2\/media\/65"}],"wp:attachment":[{"href":"https:\/\/pmcranio.de\/index.php?rest_route=%2Fwp%2Fv2%2Fmedia&parent=14"}],"curies":[{"name":"wp","href":"https:\/\/api.w.org\/{rel}","templated":true}]}}